{"id":1365,"date":"2020-12-04T16:49:55","date_gmt":"2020-12-04T16:49:55","guid":{"rendered":"http:\/\/monepicierbreton.fr\/?page_id=1365"},"modified":"2020-12-04T16:49:55","modified_gmt":"2020-12-04T16:49:55","slug":"blog","status":"publish","type":"page","link":"https:\/\/monepicierbreton.fr\/?page_id=1365","title":{"rendered":"Blog"},"content":{"rendered":"<div class=\"fusion-fullwidth fullwidth-box fusion-builder-row-1 fusion-flex-container nonhundred-percent-fullwidth non-hundred-percent-height-scrolling\" style=\"--awb-border-radius-top-left:0px;--awb-border-radius-top-right:0px;--awb-border-radius-bottom-right:0px;--awb-border-radius-bottom-left:0px;--awb-flex-wrap:wrap;\" ><div class=\"fusion-builder-row fusion-row fusion-flex-align-items-flex-start fusion-flex-content-wrap\" style=\"max-width:calc( 1370px + 0px );margin-left: calc(-0px \/ 2 );margin-right: calc(-0px \/ 2 );\"><div class=\"fusion-layout-column fusion_builder_column fusion-builder-column-0 fusion_builder_column_1_1 1_1 fusion-flex-column\" style=\"--awb-bg-size:cover;--awb-width-large:100%;--awb-margin-top-large:0px;--awb-spacing-right-large:0px;--awb-margin-bottom-large:0px;--awb-spacing-left-large:0px;--awb-width-medium:100%;--awb-spacing-right-medium:0px;--awb-spacing-left-medium:0px;--awb-width-small:100%;--awb-spacing-right-small:0px;--awb-spacing-left-small:0px;\"><div class=\"fusion-column-wrapper fusion-flex-justify-content-flex-start fusion-content-layout-column\"><div class=\"fusion-blog-shortcode fusion-blog-shortcode-1 fusion-blog-archive fusion-blog-layout-grid-wrapper fusion-blog-no fusion-blog-layout-center\" style=\"--grid_separator_color:rgba(226,226,226,0);\"><style type=\"text\/css\">.fusion-blog-shortcode-1 .fusion-blog-layout-grid .fusion-post-grid{padding:30px;}.fusion-blog-shortcode-1 .fusion-posts-container{margin-left: -30px !important; margin-right:-30px !important;}<\/style><div class=\"fusion-posts-container fusion-posts-container-no fusion-blog-layout-grid fusion-blog-layout-grid-3 isotope fusion-blog-equal-heights\" data-pages=\"2\" data-grid-col-space=\"60\" style=\"margin: -30px -30px 0;min-height:500px;\"><article id=\"blog-1-post-1\" class=\"fusion-post-grid post-1 post type-post status-publish format-standard hentry category-non-classe\">\n<div class=\"fusion-post-wrapper\" style=\"background-color:rgba(255,255,255,1);border:none;\">\n\n<div class=\"fusion-post-content-wrapper\" style=\"padding:40px 40px 20px 40px;\"><div class=\"fusion-post-content post-content\"><h2 class=\"blog-shortcode-post-title entry-title\"><a href=\"https:\/\/monepicierbreton.fr\/?p=1\">Bonjour tout le monde\u00a0!<\/a><\/h2><span class=\"vcard\" style=\"display: none;\"><span class=\"fn\"><a href=\"https:\/\/monepicierbreton.fr\/?author=1\" title=\"Articles par admin2770\" rel=\"author\">admin2770<\/a><\/span><\/span><span class=\"updated\" style=\"display:none;\">2021-01-13T18:08:40+01:00<\/span><div class=\"fusion-content-sep sep-none\"><\/div><div class=\"fusion-post-content-container\"><p>Bienvenue sur WordPress. Ceci est votre premier article. Modifiez-le ou [...]<\/p><\/div><\/div><\/div><div class=\"fusion-clearfix\"><\/div><\/div>\n<\/article>\n<article id=\"blog-1-post-250\" class=\"fusion-post-grid post-250 post type-post status-publish format-standard has-post-thumbnail hentry category-tips-tricks category-uncategorized\">\n<div class=\"fusion-post-wrapper\" style=\"background-color:rgba(255,255,255,1);border:none;\">\n\n\t\t\t<div class=\"fusion-flexslider flexslider fusion-flexslider-loading fusion-post-slideshow\" style=\"border-color:rgba(242,243,245,0);\">\n\t\t<ul class=\"slides\">\n\t\t\t\n\t\t\t\t\t\t\t\t\t\t\t\t\t\t<li><div  class=\"fusion-image-wrapper\" aria-haspopup=\"true\">\n\t\t\t\t\t\t\t<a href=\"https:\/\/monepicierbreton.fr\/?p=250\" aria-label=\"Notre accompagnement en magasin\">\n\t\t\t\t\t\t\t<img width=\"1200\" height=\"681\" src=\"data:image\/svg+xml,%3Csvg%20xmlns%3D%27http%3A%2F%2Fwww.w3.org%2F2000%2Fsvg%27%20width%3D%271200%27%20height%3D%27681%27%20viewBox%3D%270%200%201200%20681%27%3E%3Crect%20width%3D%271200%27%20height%3D%27681%27%20fill-opacity%3D%220%22%2F%3E%3C%2Fsvg%3E\" class=\"attachment-full size-full lazyload wp-post-image\" alt=\"blog-5\" decoding=\"async\" data-orig-src=\"https:\/\/monepicierbreton.fr\/wp-content\/uploads\/2020\/11\/blog-5.jpg\" \/>\t\t\t<\/a>\n\t\t\t\t\t\t\t<\/div>\n<\/li>\n\t\t\t\n\t\t\t\n\t\t\t\t\t\t\t\t\t\t\t\t\t\t\t\t\t\t\t\t\t\t\t\t\t\t\t\t\t\t\t\t\t\t\t\t\t\t\t\t\t\t\t\t\t\t\t\t\t\t\t\t\t\t\t\t\t\t\t\t\t\t\t\t\t\t\t\t<\/ul>\n\t<\/div>\n\t<div class=\"fusion-post-content-wrapper\" style=\"padding:40px 40px 20px 40px;\"><div class=\"fusion-post-content post-content\"><h2 class=\"blog-shortcode-post-title entry-title\"><a href=\"https:\/\/monepicierbreton.fr\/?p=250\">Notre accompagnement en magasin<\/a><\/h2><span class=\"vcard\" style=\"display: none;\"><span class=\"fn\"><a href=\"https:\/\/monepicierbreton.fr\/?author=1\" title=\"Articles par admin2770\" rel=\"author\">admin2770<\/a><\/span><\/span><span class=\"updated\" style=\"display:none;\">2021-02-05T10:41:12+01:00<\/span><div class=\"fusion-content-sep sep-none\"><\/div><div class=\"fusion-post-content-container\"><p>Curabitur aliquet quam id dui  Vestibulum ac diam sit [...]<\/p><\/div><\/div><\/div><div class=\"fusion-clearfix\"><\/div><\/div>\n<\/article>\n<article id=\"blog-1-post-245\" class=\"fusion-post-grid post-245 post type-post status-publish format-standard has-post-thumbnail hentry category-tips-tricks\">\n<div class=\"fusion-post-wrapper\" style=\"background-color:rgba(255,255,255,1);border:none;\">\n\n\t\t\t<div class=\"fusion-flexslider flexslider fusion-flexslider-loading fusion-post-slideshow\" style=\"border-color:rgba(242,243,245,0);\">\n\t\t<ul class=\"slides\">\n\t\t\t\n\t\t\t\t\t\t\t\t\t\t\t\t\t\t<li><div  class=\"fusion-image-wrapper\" aria-haspopup=\"true\">\n\t\t\t\t\t\t\t<a href=\"https:\/\/monepicierbreton.fr\/?p=245\" aria-label=\"Nos outils de mise en avant\">\n\t\t\t\t\t\t\t<img width=\"1200\" height=\"681\" src=\"data:image\/svg+xml,%3Csvg%20xmlns%3D%27http%3A%2F%2Fwww.w3.org%2F2000%2Fsvg%27%20width%3D%271200%27%20height%3D%27681%27%20viewBox%3D%270%200%201200%20681%27%3E%3Crect%20width%3D%271200%27%20height%3D%27681%27%20fill-opacity%3D%220%22%2F%3E%3C%2Fsvg%3E\" class=\"attachment-full size-full lazyload wp-post-image\" alt=\"blog-4\" decoding=\"async\" data-orig-src=\"https:\/\/monepicierbreton.fr\/wp-content\/uploads\/2020\/11\/blog-4.jpg\" \/>\t\t\t<\/a>\n\t\t\t\t\t\t\t<\/div>\n<\/li>\n\t\t\t\n\t\t\t\n\t\t\t\t\t\t\t\t\t\t\t\t\t\t\t\t\t\t\t\t\t\t\t\t\t\t\t\t\t\t\t\t\t\t\t\t\t\t\t\t\t\t\t\t\t\t\t\t\t\t\t\t\t\t\t\t\t\t\t\t\t\t\t\t\t\t\t\t<\/ul>\n\t<\/div>\n\t<div class=\"fusion-post-content-wrapper\" style=\"padding:40px 40px 20px 40px;\"><div class=\"fusion-post-content post-content\"><h2 class=\"blog-shortcode-post-title entry-title\"><a href=\"https:\/\/monepicierbreton.fr\/?p=245\">Nos outils de mise en avant<\/a><\/h2><span class=\"vcard\" style=\"display: none;\"><span class=\"fn\"><a href=\"https:\/\/monepicierbreton.fr\/?author=1\" title=\"Articles par admin2770\" rel=\"author\">admin2770<\/a><\/span><\/span><span class=\"updated\" style=\"display:none;\">2021-02-05T10:41:58+01:00<\/span><div class=\"fusion-content-sep sep-none\"><\/div><div class=\"fusion-post-content-container\"><p>Curabitur aliquet quam id dui  Vestibulum ac diam sit [...]<\/p><\/div><\/div><\/div><div class=\"fusion-clearfix\"><\/div><\/div>\n<\/article>\n<div class=\"fusion-clearfix\"><\/div><\/div><\/div><\/div><\/div><\/div><\/div>\n","protected":false},"excerpt":{"rendered":"","protected":false},"author":1,"featured_media":0,"parent":0,"menu_order":0,"comment_status":"closed","ping_status":"closed","template":"100-width.php","meta":{"footnotes":""},"yoast_head":"<!-- This site is optimized with the Yoast SEO plugin v21.5 - https:\/\/yoast.com\/wordpress\/plugins\/seo\/ -->\n<title>Blog - Mon \u00e9picier breton<\/title>\n<meta name=\"robots\" content=\"index, follow, max-snippet:-1, max-image-preview:large, max-video-preview:-1\" \/>\n<link rel=\"canonical\" href=\"https:\/\/monepicierbreton.fr\/?page_id=1365\" \/>\n<meta property=\"og:locale\" content=\"fr_FR\" \/>\n<meta property=\"og:type\" content=\"article\" \/>\n<meta property=\"og:title\" content=\"Blog - Mon \u00e9picier breton\" \/>\n<meta property=\"og:url\" content=\"https:\/\/monepicierbreton.fr\/?page_id=1365\" \/>\n<meta property=\"og:site_name\" content=\"Mon \u00e9picier breton\" \/>\n<meta name=\"twitter:card\" content=\"summary_large_image\" \/>\n<meta name=\"twitter:label1\" content=\"Dur\u00e9e de lecture estim\u00e9e\" \/>\n\t<meta name=\"twitter:data1\" content=\"1 minute\" \/>\n<script type=\"application\/ld+json\" class=\"yoast-schema-graph\">{\"@context\":\"https:\/\/schema.org\",\"@graph\":[{\"@type\":\"WebPage\",\"@id\":\"https:\/\/monepicierbreton.fr\/?page_id=1365\",\"url\":\"https:\/\/monepicierbreton.fr\/?page_id=1365\",\"name\":\"Blog - Mon \u00e9picier breton\",\"isPartOf\":{\"@id\":\"https:\/\/monepicierbreton.fr\/#website\"},\"datePublished\":\"2020-12-04T16:49:55+00:00\",\"dateModified\":\"2020-12-04T16:49:55+00:00\",\"breadcrumb\":{\"@id\":\"https:\/\/monepicierbreton.fr\/?page_id=1365#breadcrumb\"},\"inLanguage\":\"fr-FR\",\"potentialAction\":[{\"@type\":\"ReadAction\",\"target\":[\"https:\/\/monepicierbreton.fr\/?page_id=1365\"]}]},{\"@type\":\"BreadcrumbList\",\"@id\":\"https:\/\/monepicierbreton.fr\/?page_id=1365#breadcrumb\",\"itemListElement\":[{\"@type\":\"ListItem\",\"position\":1,\"name\":\"Accueil\",\"item\":\"https:\/\/monepicierbreton.fr\/\"},{\"@type\":\"ListItem\",\"position\":2,\"name\":\"Blog\"}]},{\"@type\":\"WebSite\",\"@id\":\"https:\/\/monepicierbreton.fr\/#website\",\"url\":\"https:\/\/monepicierbreton.fr\/\",\"name\":\"Mon \u00e9picier breton\",\"description\":\"Produit r\u00e9gionaux pour votre magasin\",\"potentialAction\":[{\"@type\":\"SearchAction\",\"target\":{\"@type\":\"EntryPoint\",\"urlTemplate\":\"https:\/\/monepicierbreton.fr\/?s={search_term_string}\"},\"query-input\":\"required name=search_term_string\"}],\"inLanguage\":\"fr-FR\"}]}<\/script>\n<!-- \/ Yoast SEO plugin. -->","yoast_head_json":{"title":"Blog - Mon \u00e9picier breton","robots":{"index":"index","follow":"follow","max-snippet":"max-snippet:-1","max-image-preview":"max-image-preview:large","max-video-preview":"max-video-preview:-1"},"canonical":"https:\/\/monepicierbreton.fr\/?page_id=1365","og_locale":"fr_FR","og_type":"article","og_title":"Blog - Mon \u00e9picier breton","og_url":"https:\/\/monepicierbreton.fr\/?page_id=1365","og_site_name":"Mon \u00e9picier breton","twitter_card":"summary_large_image","twitter_misc":{"Dur\u00e9e de lecture estim\u00e9e":"1 minute"},"schema":{"@context":"https:\/\/schema.org","@graph":[{"@type":"WebPage","@id":"https:\/\/monepicierbreton.fr\/?page_id=1365","url":"https:\/\/monepicierbreton.fr\/?page_id=1365","name":"Blog - Mon \u00e9picier breton","isPartOf":{"@id":"https:\/\/monepicierbreton.fr\/#website"},"datePublished":"2020-12-04T16:49:55+00:00","dateModified":"2020-12-04T16:49:55+00:00","breadcrumb":{"@id":"https:\/\/monepicierbreton.fr\/?page_id=1365#breadcrumb"},"inLanguage":"fr-FR","potentialAction":[{"@type":"ReadAction","target":["https:\/\/monepicierbreton.fr\/?page_id=1365"]}]},{"@type":"BreadcrumbList","@id":"https:\/\/monepicierbreton.fr\/?page_id=1365#breadcrumb","itemListElement":[{"@type":"ListItem","position":1,"name":"Accueil","item":"https:\/\/monepicierbreton.fr\/"},{"@type":"ListItem","position":2,"name":"Blog"}]},{"@type":"WebSite","@id":"https:\/\/monepicierbreton.fr\/#website","url":"https:\/\/monepicierbreton.fr\/","name":"Mon \u00e9picier breton","description":"Produit r\u00e9gionaux pour votre magasin","potentialAction":[{"@type":"SearchAction","target":{"@type":"EntryPoint","urlTemplate":"https:\/\/monepicierbreton.fr\/?s={search_term_string}"},"query-input":"required name=search_term_string"}],"inLanguage":"fr-FR"}]}},"_links":{"self":[{"href":"https:\/\/monepicierbreton.fr\/index.php?rest_route=\/wp\/v2\/pages\/1365"}],"collection":[{"href":"https:\/\/monepicierbreton.fr\/index.php?rest_route=\/wp\/v2\/pages"}],"about":[{"href":"https:\/\/monepicierbreton.fr\/index.php?rest_route=\/wp\/v2\/types\/page"}],"author":[{"embeddable":true,"href":"https:\/\/monepicierbreton.fr\/index.php?rest_route=\/wp\/v2\/users\/1"}],"replies":[{"embeddable":true,"href":"https:\/\/monepicierbreton.fr\/index.php?rest_route=%2Fwp%2Fv2%2Fcomments&post=1365"}],"version-history":[{"count":0,"href":"https:\/\/monepicierbreton.fr\/index.php?rest_route=\/wp\/v2\/pages\/1365\/revisions"}],"wp:attachment":[{"href":"https:\/\/monepicierbreton.fr\/index.php?rest_route=%2Fwp%2Fv2%2Fmedia&parent=1365"}],"curies":[{"name":"wp","href":"https:\/\/api.w.org\/{rel}","templated":true}]}}